{"id":10779,"date":"2023-07-06T12:28:42","date_gmt":"2023-07-06T10:28:42","guid":{"rendered":"https:\/\/groupe-foodiz.com\/?page_id=10779"},"modified":"2024-09-16T14:46:47","modified_gmt":"2024-09-16T12:46:47","slug":"politique-de-confidentialite","status":"publish","type":"page","link":"https:\/\/groupe-foodiz.com\/es\/politique-de-confidentialite\/","title":{"rendered":"Politique de confidentialit\u00e9"},"content":{"rendered":"<div data-elementor-type=\"wp-page\" data-elementor-id=\"10779\" class=\"elementor elementor-10779\" data-elementor-post-type=\"page\">\n\t\t\t\t<div class=\"elementor-element elementor-element-6ab53220 e-flex e-con-boxed e-con e-parent\" data-id=\"6ab53220\" data-element_type=\"container\" data-e-type=\"container\" data-settings=\"{&quot;jet_parallax_layout_list&quot;:[]}\">\n\t\t\t\t\t<div class=\"e-con-inner\">\n\t\t<div class=\"elementor-element elementor-element-2041ebb e-con-full e-flex e-con e-child\" data-id=\"2041ebb\" data-element_type=\"container\" data-e-type=\"container\" data-settings=\"{&quot;jet_parallax_layout_list&quot;:[]}\">\n\t\t\t\t<div class=\"elementor-element elementor-element-7f8286f elementor-widget elementor-widget-heading\" data-id=\"7f8286f\" data-element_type=\"widget\" data-e-type=\"widget\" data-widget_type=\"heading.default\">\n\t\t\t\t<div class=\"elementor-widget-container\">\n\t\t\t\t\t<h2 class=\"elementor-heading-title elementor-size-default\">Pol\u00edtica de cookies<\/h2>\t\t\t\t<\/div>\n\t\t\t\t<\/div>\n\t\t\t\t<div class=\"elementor-element elementor-element-70ffc9be elementor-widget elementor-widget-text-editor\" data-id=\"70ffc9be\" data-element_type=\"widget\" data-e-type=\"widget\" data-widget_type=\"text-editor.default\">\n\t\t\t\t<div class=\"elementor-widget-container\">\n\t\t\t\t\t\t\t\t\t<p class=\"translation-block\">El \"Sitio\" se refiere al presente sitio web, es decir, http:\/\/www.groupe-foodiz.com.<\/p>\n<p class=\"translation-block\">Los \"titulares de los datos\" se refiere a cualquier persona cuyos datos personales sean recopilados por el responsable del tratamiento.<\/p>\n<p><strong><em>\u00a0<\/em><\/strong><\/p>\n<h1>Art\u00edculo 1 \u2013 Identidad del responsable del tratamiento<\/h1>\n<p><strong>SAS Foodiz Solutions \u2013 SIREN 534455118<\/strong><\/p>\n<p>20, residencia Flandre, avenida de Flandre, 59170 Croix<\/p>\n<p><a href=\"mailto:contact-solutions@foodiz.com\">contact-solutions@foodiz.com<\/a><\/p>\n<p>En adelante denominado el \"Responsable del Tratamiento\".<\/p>\n<p>\u00a0<\/p>\n<p>\u00a0<\/p>\n<h1>Art\u00edculo 2 \u2013 Datos Personales Recopilados<\/h1>\n<p>El responsable del tratamiento se compromete a garantizar que el tratamiento de los datos personales se realice de conformidad con el Reglamento General de Protecci\u00f3n de Datos (RGPD) y la Ley francesa de Protecci\u00f3n de Datos (Loi Informatique et Libert\u00e9s).<\/p>\n<p>La recopilaci\u00f3n de datos se limita a lo estrictamente necesario, conforme al principio de minimizaci\u00f3n de datos establecido por el RGPD. Los datos personales recopilados en el Sitio son los siguientes:<\/p>\n<ul>\n<li>Nombre<\/li>\n<li>Apellido<\/li>\n<li>Direcci\u00f3n de correo electr\u00f3nico<\/li>\n<li>N\u00famero de tel\u00e9fono<\/li>\n<li>Asunto de la solicitud<\/li>\n<\/ul>\n<p>\u00a0<\/p>\n<p>Estos datos se recopilan a trav\u00e9s del formulario de contacto.<\/p>\n<p>\u00a0<\/p>\n<p>\u00a0<\/p>\n<h1>Art\u00edculo 3 \u2013 Base Legal para el Tratamiento de los Datos Personales<\/h1>\n<p>De conformidad con la normativa aplicable, todo tratamiento de datos realizado por el Sitio se basa en una de las seis bases legales previstas por el RGPD.<\/p>\n<p>\u00a0<\/p>\n<p>As\u00ed, los datos recopilados por el Sitio se basan en el consentimiento.<\/p>\n<p>\u00a0<\/p>\n<p>En el caso de los datos recopilados con fines de prospecci\u00f3n comercial (como boletines informativos), estos datos se recogen sobre la base del consentimiento mediante una casilla de verificaci\u00f3n. Adem\u00e1s, cada mensaje electr\u00f3nico indica claramente la identidad del remitente y ofrece un medio sencillo para dejar de recibir comunicaciones (incluyendo un enlace para darse de baja al final del mensaje).<\/p>\n<p>\u00a0<\/p>\n<p>\u00a0<\/p>\n<h1>Art\u00edculo 4 \u2013 Finalidad del Tratamiento de los Datos Personales<\/h1>\n<p>Personal data is collected for the following purposes:<\/p>\n<ul>\n<li><em>Gesti\u00f3n de contactos<\/em><\/li>\n<\/ul>\n<p>\u00a0<\/p>\n<p>\u00a0<\/p>\n<h1>Art\u00edculo 5 \u2013 Destinatarios de los Datos<\/h1>\n<p>Un destinatario, seg\u00fan lo definido por el RGPD, es una persona autorizada a recibir datos registrados en un fichero o tratamiento debido a su funci\u00f3n.<\/p>\n<p>\u00a0<\/p>\n<p>Los datos recopilados por el Sitio est\u00e1n destinados exclusivamente al responsable del tratamiento.<\/p>\n<p>\u00a0<\/p>\n<p>Los datos tambi\u00e9n pueden ser compartidos con los socios contractuales del responsable del tratamiento, de la siguiente manera:\u00a0<\/p>\n<ul>\n<li>Foodiz Cuisine<\/li>\n<li>Foodiz Deli<\/li>\n<li>Foodiz Fresh<\/li>\n<\/ul>\n<p>\u00a0<\/p>\n<p>\u00a0<\/p>\n<h1>Art\u00edculo 6 \u2013 Per\u00edodo de Conservaci\u00f3n de los Datos<\/h1>\n<p>De conformidad con el principio de limitaci\u00f3n del per\u00edodo de conservaci\u00f3n establecido por el RGPD y la Ley francesa de Protecci\u00f3n de Datos, los datos comerciales se conservan durante un per\u00edodo de tres a\u00f1os.<\/p>\n<p>\u00a0<\/p>\n<p>\u00a0<\/p>\n<h1>Art\u00edculo 7 \u2013 Derechos de los Titulares de los Datos<\/h1>\n<p>Los titulares de los datos tienen derecho a acceder a sus datos personales, rectificarlos, solicitar su eliminaci\u00f3n o ejercer su derecho a la limitaci\u00f3n del tratamiento. Tambi\u00e9n pueden retirar su consentimiento al tratamiento de los datos en cualquier momento, oponerse al tratamiento de sus datos y ejercer su derecho a la portabilidad de los datos.<\/p>\n<p>\u00a0<\/p>\n<p>\u00a0<\/p>\n<p class=\"translation-block\">Derecho a la informaci\u00f3n: El sitio web informa claramente a los interesados sobre c\u00f3mo se utilizan sus datos y sobre sus derechos.<\/p>\n<p>\u00a0<\/p>\n<p class=\"translation-block\">Derecho de Oposici\u00f3n: Los titulares de los datos pueden oponerse en cualquier momento al uso de ciertos datos personales por parte del responsable del tratamiento.<\/p>\n<p>\u00a0<\/p>\n<p class=\"translation-block\">Derecho de Acceso: Los titulares de los datos pueden obtener y verificar los datos que el responsable del tratamiento posee sobre ellos.<\/p>\n<p>\u00a0<\/p>\n<p class=\"translation-block\">Derecho de Rectificaci\u00f3n: Los titulares de los datos pueden corregir la informaci\u00f3n inexacta que les concierne.<\/p>\n<p>\u00a0<\/p>\n<p class=\"translation-block\">Derecho de supresi\u00f3n: Los interesados pueden solicitar al responsable del tratamiento que suprima sus datos personales.<\/p>\n<p>\u00a0<\/p>\n<p class=\"translation-block\">Derecho a la Limitaci\u00f3n del Tratamiento:\n Los titulares de los datos pueden solicitar al responsable del tratamiento que suspenda el uso de sus datos durante la verificaci\u00f3n o el examen de su solicitud de oposici\u00f3n. Tambi\u00e9n pueden solicitar la limitaci\u00f3n del tratamiento de ciertos datos si el responsable tiene la intenci\u00f3n de suprimirlos.<\/p>\n<p>\u00a0<\/p>\n<p>\u00a0<\/p>\n<p class=\"translation-block\">Para ejercer estos derechos o para cualquier pregunta relacionada con el tratamiento de sus datos en este sistema, los titulares pueden contactar al responsable del tratamiento en la siguiente direcci\u00f3n de correo electr\u00f3nico: contact-solutions@foodiz.com<\/p>\n<p>\u00a0<\/p>\n<p>Si, tras contactar al responsable del tratamiento, los titulares consideran que no se est\u00e1n respetando sus derechos en materia de \u201cProtecci\u00f3n de Datos\u201d, pueden presentar una reclamaci\u00f3n ante la Agencia Espa\u00f1ola de Protecci\u00f3n de Datos, la autoridad de protecci\u00f3n de datos.<\/p>\t\t\t\t\t\t\t\t<\/div>\n\t\t\t\t<\/div>\n\t\t\t\t<\/div>\n\t\t\t\t\t<\/div>\n\t\t\t\t<\/div>\n\t\t<div class=\"elementor-element elementor-element-ef7efce elementor-hidden-desktop elementor-hidden-tablet e-flex e-con-boxed e-con e-parent\" data-id=\"ef7efce\" data-element_type=\"container\" data-e-type=\"container\" data-settings=\"{&quot;background_background&quot;:&quot;classic&quot;,&quot;jet_parallax_layout_list&quot;:[]}\">\n\t\t\t\t\t<div class=\"e-con-inner\">\n\t\t<div class=\"elementor-element elementor-element-f7e0b03 e-con-full e-flex e-con e-child\" data-id=\"f7e0b03\" data-element_type=\"container\" data-e-type=\"container\" data-settings=\"{&quot;jet_parallax_layout_list&quot;:[]}\">\n\t\t<div class=\"elementor-element elementor-element-745616d e-con-full e-flex e-con e-child\" data-id=\"745616d\" data-element_type=\"container\" data-e-type=\"container\" data-settings=\"{&quot;jet_parallax_layout_list&quot;:[]}\">\n\t\t<div class=\"elementor-element elementor-element-c970b29 e-con-full e-flex e-con e-child\" data-id=\"c970b29\" data-element_type=\"container\" data-e-type=\"container\" data-settings=\"{&quot;jet_parallax_layout_list&quot;:[]}\">\n\t\t\t\t<div class=\"elementor-element elementor-element-a1e9d43 elementor-widget elementor-widget-image\" data-id=\"a1e9d43\" data-element_type=\"widget\" data-e-type=\"widget\" data-widget_type=\"image.default\">\n\t\t\t\t<div class=\"elementor-widget-container\">\n\t\t\t\t\t\t\t\t\t\t\t\t\t\t\t\t<a href=\"https:\/\/groupe-foodiz.com\/es\/\">\n\t\t\t\t\t\t\t<img data-recalc-dims=\"1\" fetchpriority=\"high\" decoding=\"async\" data-attachment-id=\"7555\" data-permalink=\"https:\/\/groupe-foodiz.com\/es\/?attachment_id=7555\" data-orig-file=\"https:\/\/groupe-foodiz.com\/wp-content\/uploads\/2022\/05\/Foodiz-Groupe-Monochrome-Blanc-e1694706088869.png\" data-orig-size=\"1459,441\" data-comments-opened=\"1\" data-image-meta=\"{&quot;aperture&quot;:&quot;0&quot;,&quot;credit&quot;:&quot;&quot;,&quot;camera&quot;:&quot;&quot;,&quot;caption&quot;:&quot;&quot;,&quot;created_timestamp&quot;:&quot;0&quot;,&quot;copyright&quot;:&quot;&quot;,&quot;focal_length&quot;:&quot;0&quot;,&quot;iso&quot;:&quot;0&quot;,&quot;shutter_speed&quot;:&quot;0&quot;,&quot;title&quot;:&quot;&quot;,&quot;orientation&quot;:&quot;0&quot;}\" data-image-title=\"Foodiz-Groupe-Monochrome-Blanc\" data-image-description=\"\" data-image-caption=\"\" data-large-file=\"https:\/\/groupe-foodiz.com\/wp-content\/uploads\/2022\/05\/Foodiz-Groupe-Monochrome-Blanc-e1694706088869-1024x310.png\" width=\"1024\" height=\"310\" src=\"https:\/\/i0.wp.com\/groupe-foodiz.com\/wp-content\/uploads\/2022\/05\/Foodiz-Groupe-Monochrome-Blanc-e1694706088869-1024x310.png?resize=1024%2C310&#038;ssl=1\" class=\"attachment-large size-large wp-image-7555\" alt=\"\" srcset=\"https:\/\/i0.wp.com\/groupe-foodiz.com\/wp-content\/uploads\/2022\/05\/Foodiz-Groupe-Monochrome-Blanc-e1694706088869.png?resize=1024%2C310&amp;ssl=1 1024w, https:\/\/i0.wp.com\/groupe-foodiz.com\/wp-content\/uploads\/2022\/05\/Foodiz-Groupe-Monochrome-Blanc-e1694706088869.png?resize=300%2C91&amp;ssl=1 300w, https:\/\/i0.wp.com\/groupe-foodiz.com\/wp-content\/uploads\/2022\/05\/Foodiz-Groupe-Monochrome-Blanc-e1694706088869.png?resize=768%2C232&amp;ssl=1 768w, https:\/\/i0.wp.com\/groupe-foodiz.com\/wp-content\/uploads\/2022\/05\/Foodiz-Groupe-Monochrome-Blanc-e1694706088869.png?w=1459&amp;ssl=1 1459w\" sizes=\"(max-width: 1024px) 100vw, 1024px\" \/>\t\t\t\t\t\t\t\t<\/a>\n\t\t\t\t\t\t\t\t\t\t\t\t\t\t\t<\/div>\n\t\t\t\t<\/div>\n\t\t\t\t<div class=\"elementor-element elementor-element-e14de11 elementor-widget elementor-widget-text-editor\" data-id=\"e14de11\" data-element_type=\"widget\" data-e-type=\"widget\" data-widget_type=\"text-editor.default\">\n\t\t\t\t<div class=\"elementor-widget-container\">\n\t\t\t\t\t\t\t\t\t<p style=\"text-align: left;\">Le groupe Foodiz met au service de ses clients et consommateurs ses savoir-faire en solutions repas, de la cr\u00e9ation \u00e0 la distribution, pour proposer chaque jours des produits ultra-frais et innovants, cuisin\u00e9s en France et accessibles \u00e0 tous.<\/p>\t\t\t\t\t\t\t\t<\/div>\n\t\t\t\t<\/div>\n\t\t\t\t<div class=\"elementor-element elementor-element-7b90647 elementor-widget__width-initial e-grid-align-mobile-left elementor-shape-rounded elementor-grid-0 e-grid-align-center elementor-widget elementor-widget-social-icons\" data-id=\"7b90647\" data-element_type=\"widget\" data-e-type=\"widget\" data-widget_type=\"social-icons.default\">\n\t\t\t\t<div class=\"elementor-widget-container\">\n\t\t\t\t\t\t\t<div class=\"elementor-social-icons-wrapper elementor-grid\">\n\t\t\t\t\t\t\t<span class=\"elementor-grid-item\">\n\t\t\t\t\t<a class=\"elementor-icon elementor-social-icon elementor-social-icon-linkedin elementor-repeater-item-8784ce7\" href=\"https:\/\/www.linkedin.com\/company\/groupe-foodiz\/\" target=\"_blank\">\n\t\t\t\t\t\t<span class=\"elementor-screen-only\">Linkedin<\/span>\n\t\t\t\t\t\t<i aria-hidden=\"true\" class=\"fab fa-linkedin\"><\/i>\t\t\t\t\t<\/a>\n\t\t\t\t<\/span>\n\t\t\t\t\t<\/div>\n\t\t\t\t\t\t<\/div>\n\t\t\t\t<\/div>\n\t\t\t\t<\/div>\n\t\t\t\t<\/div>\n\t\t<div class=\"elementor-element elementor-element-19de030 e-con-full e-flex e-con e-child\" data-id=\"19de030\" data-element_type=\"container\" data-e-type=\"container\" data-settings=\"{&quot;jet_parallax_layout_list&quot;:[]}\">\n\t\t\t\t<div class=\"elementor-element elementor-element-4e2c785 elementor-widget elementor-widget-heading\" data-id=\"4e2c785\" data-element_type=\"widget\" data-e-type=\"widget\" data-widget_type=\"heading.default\">\n\t\t\t\t<div class=\"elementor-widget-container\">\n\t\t\t\t\t<h4 class=\"elementor-heading-title elementor-size-default\">Grupo <\/h4>\t\t\t\t<\/div>\n\t\t\t\t<\/div>\n\t\t\t\t<div class=\"elementor-element elementor-element-894757b dt-nav-menu_align-left dt-sub-menu_align-left elementor-widget elementor-widget-the7_nav-menu\" data-id=\"894757b\" data-element_type=\"widget\" data-e-type=\"widget\" data-settings=\"{&quot;submenu_display&quot;:&quot;always&quot;}\" data-widget_type=\"the7_nav-menu.default\">\n\t\t\t\t<div class=\"elementor-widget-container\">\n\t\t\t\t\t<nav class=\"dt-nav-menu--main dt-nav-menu__container dt-sub-menu-display-always dt-icon-align- dt-icon-position- dt-sub-icon-position- dt-sub-icon-align-\"><ul class=\"dt-nav-menu\"><li class=\"menu-item menu-item-type-post_type menu-item-object-page menu-item-13814 first depth-0\"><a href='https:\/\/groupe-foodiz.com\/es\/groupe-foodiz\/' data-level='1'><span class=\"item-content\"><span class=\"menu-item-text\"><span class=\"menu-text\">Grupo Foodiz\u00a0<\/span><\/span><\/span><span class=\"\" data-icon = \"\"> <\/span><\/a><\/li> <li class=\"menu-item menu-item-type-custom menu-item-object-custom menu-item-has-children menu-item-13819 last has-children depth-0\"><a href='\/es\/' data-level='1'><span class=\"item-content\"><span class=\"menu-item-text\"><span class=\"menu-text\">Nuestras empresas<\/span><\/span><\/span><span class=\"\" data-icon = \"\"> <\/span><\/a><ul class=\"the7-e-sub-nav vertical-sub-nav\"><li class=\"menu-item menu-item-type-post_type menu-item-object-page menu-item-13818 first depth-1\"><a href='https:\/\/groupe-foodiz.com\/es\/foodiz-fresh\/' data-level='2'><span class=\"item-content\"><span class=\"menu-item-text\"><span class=\"menu-text\">Foodiz Fresh<\/span><\/span><\/span><span class=\"\" data-icon = \"\"> <\/span><\/a><\/li> <li class=\"menu-item menu-item-type-post_type menu-item-object-page menu-item-13817 depth-1\"><a href='https:\/\/groupe-foodiz.com\/es\/foodiz-cuisine\/' data-level='2'><span class=\"item-content\"><span class=\"menu-item-text\"><span class=\"menu-text\">Foodiz Cuisine<\/span><\/span><\/span><span class=\"\" data-icon = \"\"> <\/span><\/a><\/li> <li class=\"menu-item menu-item-type-post_type menu-item-object-page menu-item-13816 depth-1\"><a href='https:\/\/groupe-foodiz.com\/es\/foodiz-deli\/' data-level='2'><span class=\"item-content\"><span class=\"menu-item-text\"><span class=\"menu-text\">Foodiz D\u00e9li<\/span><\/span><\/span><span class=\"\" data-icon = \"\"> <\/span><\/a><\/li> <li class=\"menu-item menu-item-type-post_type menu-item-object-page menu-item-13815 depth-1\"><a href='https:\/\/groupe-foodiz.com\/es\/foodiz-solutions\/' data-level='2'><span class=\"item-content\"><span class=\"menu-item-text\"><span class=\"menu-text\">Foodiz Solutions<\/span><\/span><\/span><span class=\"\" data-icon = \"\"> <\/span><\/a><\/li> <\/ul><\/li> <\/ul><\/nav>\t\t\t\t<\/div>\n\t\t\t\t<\/div>\n\t\t\t\t<\/div>\n\t\t<div class=\"elementor-element elementor-element-4ed8531 e-con-full e-flex e-con e-child\" data-id=\"4ed8531\" data-element_type=\"container\" data-e-type=\"container\" data-settings=\"{&quot;jet_parallax_layout_list&quot;:[]}\">\n\t\t\t\t<div class=\"elementor-element elementor-element-3a84e9f elementor-widget elementor-widget-heading\" data-id=\"3a84e9f\" data-element_type=\"widget\" data-e-type=\"widget\" data-widget_type=\"heading.default\">\n\t\t\t\t<div class=\"elementor-widget-container\">\n\t\t\t\t\t<h4 class=\"elementor-heading-title elementor-size-default\">Nuestras marcas<\/h4>\t\t\t\t<\/div>\n\t\t\t\t<\/div>\n\t\t\t\t<div class=\"elementor-element elementor-element-4da8fe7 dt-nav-menu_align-left dt-sub-menu_align-left elementor-widget elementor-widget-the7_nav-menu\" data-id=\"4da8fe7\" data-element_type=\"widget\" data-e-type=\"widget\" data-settings=\"{&quot;submenu_display&quot;:&quot;always&quot;}\" data-widget_type=\"the7_nav-menu.default\">\n\t\t\t\t<div class=\"elementor-widget-container\">\n\t\t\t\t\t<nav class=\"dt-nav-menu--main dt-nav-menu__container dt-sub-menu-display-always dt-icon-align- dt-icon-position- dt-sub-icon-position- dt-sub-icon-align-\"><ul class=\"dt-nav-menu\"><li class=\"menu-item menu-item-type-post_type menu-item-object-page menu-item-9729 first depth-0\"><a href='https:\/\/groupe-foodiz.com\/es\/freshmood\/' data-level='1'><span class=\"item-content\"><span class=\"menu-item-text\"><span class=\"menu-text\">Freshmood<\/span><\/span><\/span><span class=\"\" data-icon = \"\"> <\/span><\/a><\/li> <li class=\"menu-item menu-item-type-post_type menu-item-object-page menu-item-9728 depth-0\"><a href='https:\/\/groupe-foodiz.com\/es\/happy-yummy\/' data-level='1'><span class=\"item-content\"><span class=\"menu-item-text\"><span class=\"menu-text\">Happy Yummy<\/span><\/span><\/span><span class=\"\" data-icon = \"\"> <\/span><\/a><\/li> <li class=\"menu-item menu-item-type-post_type menu-item-object-page menu-item-9725 last depth-0\"><a href='https:\/\/groupe-foodiz.com\/es\/le-petit-cuisinier-2\/' data-level='1'><span class=\"item-content\"><span class=\"menu-item-text\"><span class=\"menu-text\">Le Petit Cuisinier<\/span><\/span><\/span><span class=\"\" data-icon = \"\"> <\/span><\/a><\/li> <\/ul><\/nav>\t\t\t\t<\/div>\n\t\t\t\t<\/div>\n\t\t\t\t<\/div>\n\t\t<div class=\"elementor-element elementor-element-1b0b40d e-con-full e-flex e-con e-child\" data-id=\"1b0b40d\" data-element_type=\"container\" data-e-type=\"container\" data-settings=\"{&quot;jet_parallax_layout_list&quot;:[]}\">\n\t\t\t\t<div class=\"elementor-element elementor-element-07ebd0a elementor-widget elementor-widget-heading\" data-id=\"07ebd0a\" data-element_type=\"widget\" data-e-type=\"widget\" data-widget_type=\"heading.default\">\n\t\t\t\t<div class=\"elementor-widget-container\">\n\t\t\t\t\t<h4 class=\"elementor-heading-title elementor-size-default\"><a href=\"https:\/\/groupe-foodiz.com\/es\/rejoignez-nous\/\">S\u00famate al equipo<\/a><\/h4>\t\t\t\t<\/div>\n\t\t\t\t<\/div>\n\t\t\t\t<div class=\"elementor-element elementor-element-bb61cf4 elementor-widget elementor-widget-heading\" data-id=\"bb61cf4\" data-element_type=\"widget\" data-e-type=\"widget\" data-widget_type=\"heading.default\">\n\t\t\t\t<div class=\"elementor-widget-container\">\n\t\t\t\t\t<h2 class=\"elementor-heading-title elementor-size-default\"><a href=\"https:\/\/groupe-foodiz.com\/es\/rejoignez-nous\/\">Experimenta Foodiz<\/a><\/h2>\t\t\t\t<\/div>\n\t\t\t\t<\/div>\n\t\t\t\t<\/div>\n\t\t\t\t<\/div>\n\t\t<div class=\"elementor-element elementor-element-4b37cde e-con-full e-flex e-con e-child\" data-id=\"4b37cde\" data-element_type=\"container\" data-e-type=\"container\" data-settings=\"{&quot;jet_parallax_layout_list&quot;:[]}\">\n\t\t\t\t<div class=\"elementor-element elementor-element-c5f9b86 elementor-widget-divider--view-line elementor-widget elementor-widget-divider\" data-id=\"c5f9b86\" data-element_type=\"widget\" data-e-type=\"widget\" data-widget_type=\"divider.default\">\n\t\t\t\t<div class=\"elementor-widget-container\">\n\t\t\t\t\t\t\t<div class=\"elementor-divider\">\n\t\t\t<span class=\"elementor-divider-separator\">\n\t\t\t\t\t\t<\/span>\n\t\t<\/div>\n\t\t\t\t\t\t<\/div>\n\t\t\t\t<\/div>\n\t\t\t\t<\/div>\n\t\t<div class=\"elementor-element elementor-element-64caffd e-con-full e-flex e-con e-child\" data-id=\"64caffd\" data-element_type=\"container\" data-e-type=\"container\" data-settings=\"{&quot;jet_parallax_layout_list&quot;:[]}\">\n\t\t\t\t<div class=\"elementor-element elementor-element-c42d88c elementor-widget__width-initial elementor-widget elementor-widget-heading\" data-id=\"c42d88c\" data-element_type=\"widget\" data-e-type=\"widget\" data-widget_type=\"heading.default\">\n\t\t\t\t<div class=\"elementor-widget-container\">\n\t\t\t\t\t<p class=\"elementor-heading-title elementor-size-default\">GRUPO FOODIZ 2024<\/p>\t\t\t\t<\/div>\n\t\t\t\t<\/div>\n\t\t\t\t<div class=\"elementor-element elementor-element-6e53d39 horizontal-menu--dropdown-none parent-item-clickable-yes sub-menu-position-left dt-sub-menu_align-left sub-icon_position-right sub-icon_align-with_text elementor-widget elementor-widget-the7_horizontal-menu\" data-id=\"6e53d39\" data-element_type=\"widget\" data-e-type=\"widget\" data-settings=\"{&quot;dropdown&quot;:&quot;none&quot;,&quot;parent_is_clickable&quot;:&quot;yes&quot;}\" data-widget_type=\"the7_horizontal-menu.default\">\n\t\t\t\t<div class=\"elementor-widget-container\">\n\t\t\t\t\t<div class=\"horizontal-menu-wrap\"><nav class=\"dt-nav-menu-horizontal--main dt-nav-menu-horizontal__container justify-content-start widget-divider-\"><ul class=\"dt-nav-menu-horizontal d-flex flex-row justify-content-start\"><li class=\"menu-item menu-item-type-post_type menu-item-object-page menu-item-9748 first depth-0\"><a href='https:\/\/groupe-foodiz.com\/es\/mentions-legales\/' data-level='1'><span class=\"item-content\"><span class=\"menu-item-text\"><span class=\"menu-text\">AVISOS LEGALES<\/span><\/span><span class=\"submenu-indicator\" ><i aria-hidden=\"true\" class=\"desktop-menu-icon fas fa-caret-down\"><\/i><span class=\"submenu-mob-indicator\" ><\/span><\/span><\/span><\/a><\/li> <li class=\"menu-item menu-item-type-post_type menu-item-object-page menu-item-10778 depth-0\"><a href='https:\/\/groupe-foodiz.com\/es\/politique-de-cookies-ue\/' data-level='1'><span class=\"item-content\"><span class=\"menu-item-text\"><span class=\"menu-text\">POL\u00cdTICA DE PRIVACIDAD<\/span><\/span><span class=\"submenu-indicator\" ><i aria-hidden=\"true\" class=\"desktop-menu-icon fas fa-caret-down\"><\/i><span class=\"submenu-mob-indicator\" ><\/span><\/span><\/span><\/a><\/li> <li class=\"menu-item menu-item-type-post_type menu-item-object-page menu-item-privacy-policy menu-item-10781 depth-0\"><a href='https:\/\/groupe-foodiz.com\/es\/politique-de-confidentialite\/' data-level='1'><span class=\"item-content\"><span class=\"menu-item-text\"><span class=\"menu-text\">POL\u00cdTICA DE COOKIES<\/span><\/span><span class=\"submenu-indicator\" ><i aria-hidden=\"true\" class=\"desktop-menu-icon fas fa-caret-down\"><\/i><span class=\"submenu-mob-indicator\" ><\/span><\/span><\/span><\/a><\/li> <li class=\"menu-item menu-item-type-custom menu-item-object-custom menu-item-10871 depth-0\"><a href='https:\/\/groupe-foodiz.com\/wp-content\/uploads\/2025\/04\/Informations-Emballages-Groupe-Foodiz.pdf' data-level='1'><span class=\"item-content\"><span class=\"menu-item-text\"><span class=\"menu-text\">INFORMACI\u00d3N DEL EMBALAJE<\/span><\/span><span class=\"submenu-indicator\" ><i aria-hidden=\"true\" class=\"desktop-menu-icon fas fa-caret-down\"><\/i><span class=\"submenu-mob-indicator\" ><\/span><\/span><\/span><\/a><\/li> <li class=\"menu-item menu-item-type-post_type menu-item-object-page menu-item-9881 last depth-0\"><a href='https:\/\/groupe-foodiz.com\/es\/nous-contacter\/' data-level='1'><span class=\"item-content\"><span class=\"menu-item-text\"><span class=\"menu-text\">CONTACTO<\/span><\/span><span class=\"submenu-indicator\" ><i aria-hidden=\"true\" class=\"desktop-menu-icon fas fa-caret-down\"><\/i><span class=\"submenu-mob-indicator\" ><\/span><\/span><\/span><\/a><\/li> <\/ul><\/nav><\/div>\t\t\t\t<\/div>\n\t\t\t\t<\/div>\n\t\t\t\t<\/div>\n\t\t\t\t\t<\/div>\n\t\t\t\t<\/div>\n\t\t\t\t<\/div>","protected":false},"excerpt":{"rendered":"<p>POLITIQUE DE confidentialit\u00e9 Le \u00ab Site \u00bb d\u00e9signe le pr\u00e9sent site internet soit <a href=\"https:\/\/groupe-foodiz.com\/es\/\" rel=\"nofollow\">http:\/\/www.groupe-foodiz.com<\/a> Les \u00ab personnes concern\u00e9es \u00bb d\u00e9signe toute personne concern\u00e9e par la collecte des donn\u00e9es r\u00e9alis\u00e9e par le responsable de traitement. \u00a0 Article 1 \u2013 Identit\u00e9 du responsable de traitement SAS Foodiz Solutions \u2013 SIREN 534455118 20, r\u00e9sidence Flandre, avenue de Flandre,&hellip;<\/p>","protected":false},"author":179715464,"featured_media":0,"parent":0,"menu_order":0,"comment_status":"closed","ping_status":"closed","template":"","meta":{"_coblocks_attr":"","_coblocks_dimensions":"","_coblocks_responsive_height":"","_coblocks_accordion_ie_support":"","advanced_seo_description":"","jetpack_seo_html_title":"","jetpack_seo_noindex":false,"footnotes":""},"class_list":["post-10779","page","type-page","status-publish","hentry"],"jetpack_likes_enabled":true,"jetpack_sharing_enabled":true,"jetpack_shortlink":"https:\/\/wp.me\/Pc5h5i-2NR","jetpack-related-posts":[],"_links":{"self":[{"href":"https:\/\/groupe-foodiz.com\/es\/wp-json\/wp\/v2\/pages\/10779","targetHints":{"allow":["GET"]}}],"collection":[{"href":"https:\/\/groupe-foodiz.com\/es\/wp-json\/wp\/v2\/pages"}],"about":[{"href":"https:\/\/groupe-foodiz.com\/es\/wp-json\/wp\/v2\/types\/page"}],"author":[{"embeddable":true,"href":"https:\/\/groupe-foodiz.com\/es\/wp-json\/wp\/v2\/users\/179715464"}],"replies":[{"embeddable":true,"href":"https:\/\/groupe-foodiz.com\/es\/wp-json\/wp\/v2\/comments?post=10779"}],"version-history":[{"count":20,"href":"https:\/\/groupe-foodiz.com\/es\/wp-json\/wp\/v2\/pages\/10779\/revisions"}],"predecessor-version":[{"id":14902,"href":"https:\/\/groupe-foodiz.com\/es\/wp-json\/wp\/v2\/pages\/10779\/revisions\/14902"}],"wp:attachment":[{"href":"https:\/\/groupe-foodiz.com\/es\/wp-json\/wp\/v2\/media?parent=10779"}],"curies":[{"name":"wp","href":"https:\/\/api.w.org\/{rel}","templated":true}]}}